{"id":1436,"date":"2024-04-23T15:15:52","date_gmt":"2024-04-23T13:15:52","guid":{"rendered":"https:\/\/www.repaschallenge.ch\/?page_id=1436"},"modified":"2025-07-09T14:53:59","modified_gmt":"2025-07-09T12:53:59","slug":"resultats-2023","status":"publish","type":"page","link":"https:\/\/www.repaschallenge.ch\/en\/resultats-2023\/","title":{"rendered":"2023 Results"},"content":{"rendered":"<div data-elementor-type=\"wp-page\" data-elementor-id=\"1436\" class=\"elementor elementor-1436\" data-elementor-post-type=\"page\">\n\t\t\t\t\t\t<section class=\"elementor-section elementor-top-section elementor-element elementor-element-5215989 elementor-section-full_width elementor-section-height-min-height results elementor-section-height-default elementor-section-items-middle\" data-id=\"5215989\" data-element_type=\"section\" data-e-type=\"section\" id=\"results\" data-settings=\"{&quot;background_background&quot;:&quot;classic&quot;}\">\n\t\t\t\t\t\t<div class=\"elementor-container elementor-column-gap-default\">\n\t\t\t\t\t<div class=\"elementor-column elementor-col-100 elementor-top-column elementor-element elementor-element-0ee85d8\" data-id=\"0ee85d8\" data-element_type=\"column\" data-e-type=\"column\">\n\t\t\t<div class=\"elementor-widget-wrap elementor-element-populated\">\n\t\t\t\t\t\t<div class=\"elementor-element elementor-element-f0a5989 elementor-widget elementor-widget-heading\" data-id=\"f0a5989\" data-element_type=\"widget\" data-e-type=\"widget\" data-widget_type=\"heading.default\">\n\t\t\t\t<div class=\"elementor-widget-container\">\n\t\t\t\t\t<h2 class=\"elementor-heading-title elementor-size-default\">2024 Edition Results<\/h2>\t\t\t\t<\/div>\n\t\t\t\t<\/div>\n\t\t\t\t<div class=\"elementor-element elementor-element-bf8c391 elementor-widget elementor-widget-text-editor\" data-id=\"bf8c391\" data-element_type=\"widget\" data-e-type=\"widget\" data-widget_type=\"text-editor.default\">\n\t\t\t\t<div class=\"elementor-widget-container\">\n\t\t\t\t\t\t\t\t\t<p>Thanks to the initiative of the Canton of Geneva and the City of Lausanne, in partnership with Zero Waste Switzerland and reCircle, the RE:PAS CHALLENGE 2024 showcased a genuine enthusiasm for reusable tableware solutions for take-away meals and drinks.<\/p><p>On the occasion of this new edition of the RE:PAS CHALLENGE, in just 12 days of action<strong>, the 70 organizations and 510 participants <\/strong>achieved record results:<\/p><ul><li>647 kg of CO2e saved<\/li><li>144 kg of waste avoided<\/li><li>Nearly 10,000 single-use containers saved<\/li><\/ul><div>\u00a0<\/div><p>On an annual basis, the numbers are even more impressive:<\/p><ul><li><p>16,508 kg of CO2e saved, which is roughly equivalent to 80,000 km driven in a gasoline car\u00a0<\/p><\/li><li><p>3,693 kg of waste, which is roughly equivalent to 7,270 trash bags of 35 liters each.<\/p><\/li><\/ul><p>We can\u2019t wait for more and more people to hop on the reusable train. That\u2019s why we are excited to organize the 3rd RE:PAS CHALLENGE\u00a0<strong>from September 22nd to September 28th 2025 !\u00a0<\/strong>Will we be able to break this record?<\/p>\t\t\t\t\t\t\t\t<\/div>\n\t\t\t\t<\/div>\n\t\t\t\t\t<\/div>\n\t\t<\/div>\n\t\t\t\t\t<\/div>\n\t\t<\/section>\n\t\t\t\t<\/div>","protected":false},"excerpt":{"rendered":"<p>R\u00e9sultats de l&rsquo;\u00e9dition 2024 Gr\u00e2ce \u00e0 l\u2019initiative du Canton de Gen\u00e8ve et de la Ville de Lausanne, en partenariat avec Zerowaste Switzerland et reCircle, le RE:PAS CHALLENGE 2024 a d\u00e9montr\u00e9 un r\u00e9el engouement pour les solutions de vaisselle r\u00e9utilisables, pour les repas et boissons \u00e0 emporter. \u00c0 l&rsquo;occasion de cette nouvelle \u00e9dition du RE:PAS CHALLENGE, [&hellip;]<\/p>\n","protected":false},"author":1,"featured_media":0,"parent":0,"menu_order":0,"comment_status":"closed","ping_status":"closed","template":"elementor_header_footer","meta":{"_monsterinsights_skip_tracking":false,"_monsterinsights_sitenote_active":false,"_monsterinsights_sitenote_note":"","_monsterinsights_sitenote_category":0,"footnotes":""},"class_list":["post-1436","page","type-page","status-publish","hentry"],"_links":{"self":[{"href":"https:\/\/www.repaschallenge.ch\/en\/wp-json\/wp\/v2\/pages\/1436","targetHints":{"allow":["GET"]}}],"collection":[{"href":"https:\/\/www.repaschallenge.ch\/en\/wp-json\/wp\/v2\/pages"}],"about":[{"href":"https:\/\/www.repaschallenge.ch\/en\/wp-json\/wp\/v2\/types\/page"}],"author":[{"embeddable":true,"href":"https:\/\/www.repaschallenge.ch\/en\/wp-json\/wp\/v2\/users\/1"}],"replies":[{"embeddable":true,"href":"https:\/\/www.repaschallenge.ch\/en\/wp-json\/wp\/v2\/comments?post=1436"}],"version-history":[{"count":79,"href":"https:\/\/www.repaschallenge.ch\/en\/wp-json\/wp\/v2\/pages\/1436\/revisions"}],"predecessor-version":[{"id":2124,"href":"https:\/\/www.repaschallenge.ch\/en\/wp-json\/wp\/v2\/pages\/1436\/revisions\/2124"}],"wp:attachment":[{"href":"https:\/\/www.repaschallenge.ch\/en\/wp-json\/wp\/v2\/media?parent=1436"}],"curies":[{"name":"wp","href":"https:\/\/api.w.org\/{rel}","templated":true}]}}