{"id":1420,"date":"2024-04-23T15:04:26","date_gmt":"2024-04-23T13:04:26","guid":{"rendered":"https:\/\/www.repaschallenge.ch\/?page_id=1420"},"modified":"2025-08-28T08:30:01","modified_gmt":"2025-08-28T06:30:01","slug":"entreprises-organisations","status":"publish","type":"page","link":"https:\/\/www.repaschallenge.ch\/en\/entreprises-organisations\/","title":{"rendered":"Companies &amp; organisations"},"content":{"rendered":"<div data-elementor-type=\"wp-page\" data-elementor-id=\"1420\" class=\"elementor elementor-1420\" data-elementor-post-type=\"page\">\n\t\t\t\t\t\t<section class=\"elementor-section elementor-top-section elementor-element elementor-element-0a8b789 elementor-section-full_width results elementor-section-height-default elementor-section-height-default\" data-id=\"0a8b789\" data-element_type=\"section\" data-e-type=\"section\" data-settings=\"{&quot;background_background&quot;:&quot;classic&quot;}\">\n\t\t\t\t\t\t<div class=\"elementor-container elementor-column-gap-default\">\n\t\t\t\t\t<div class=\"elementor-column elementor-col-100 elementor-top-column elementor-element elementor-element-e9141af\" data-id=\"e9141af\" data-element_type=\"column\" data-e-type=\"column\">\n\t\t\t<div class=\"elementor-widget-wrap elementor-element-populated\">\n\t\t\t\t\t\t<div class=\"elementor-element elementor-element-1bbd51f elementor-widget elementor-widget-heading\" data-id=\"1bbd51f\" data-element_type=\"widget\" data-e-type=\"widget\" data-widget_type=\"heading.default\">\n\t\t\t\t<div class=\"elementor-widget-container\">\n\t\t\t\t\t<h2 class=\"elementor-heading-title elementor-size-default\">For companies and organisations<\/h2>\t\t\t\t<\/div>\n\t\t\t\t<\/div>\n\t\t\t\t<div class=\"elementor-element elementor-element-acadd0b elementor-widget elementor-widget-text-editor\" data-id=\"acadd0b\" data-element_type=\"widget\" data-e-type=\"widget\" data-widget_type=\"text-editor.default\">\n\t\t\t\t<div class=\"elementor-widget-container\">\n\t\t\t\t\t\t\t\t\t<div>\n<p>Why participate ? Are you looking for a concrete, easy-to-implement activity that addresses sustainability issues, promotes best practices and creates positive interactions among your teams?<\/p>\n<p>Taking part in RE:PAS CHALLENGE is about:<\/p>\n<\/div>\n<ol>\n<li>Creating a new habit and reducing the amount of disposable waste that fills up dustbins and costs money. At the same time, you'll save not only money, but also natural resources and CO2e.<\/li>\n<li>Simple and fun, RE:PAS CHALLENGE lets you see the impact: per person, per group\/company, for the action as a whole. The result is an overall reduction in waste in your offices.<\/li>\n<li>Reducing the carbon footprint is an absolute priority in the fight against climate change. The results of the RE:PAS CHALLENGE prove that collective action can make a difference!<\/li>\n<li>Team spirit and helping to strengthen cohesion between colleagues. Win great prizes in the prize draw!<\/li>\n<\/ol>\n<p><strong><br>Rules of the game<\/strong><\/p>\n<p>From September 22 to 28, 2025, here's how to collect points:<\/p>\n<ul>\n<li>Replace disposable packaging for lunch or dinner with a reusable, washable bowl, dish or plate.<\/li>\n<li>Enjoy your favourite coffee in a real mug or a reusable cup instead of a disposable one.<\/li>\n<li>Fill your water bottle, glass or reusable mug\/cup instead of a PET bottle or single-use glass bottle.<\/li>\n<li>Collect points and WIN !<\/li>\n<\/ul>\n<p><strong><br>How to participate?<\/strong><\/p>\n<ol>\n<li>Register your company\/group using the form.<\/li>\n<li>Employees will be able to create their personal account and register individually or as a team!&nbsp;<\/li>\n<li>Thanks to your reuse efforts, you will take part in the big prize draw on <strong>October, 1 2025.<\/strong><strong>.&nbsp;<\/strong><\/li>\n<\/ol>\t\t\t\t\t\t\t\t<\/div>\n\t\t\t\t<\/div>\n\t\t\t\t\t<\/div>\n\t\t<\/div>\n\t\t\t\t\t<\/div>\n\t\t<\/section>\n\t\t\t\t<\/div>","protected":false},"excerpt":{"rendered":"<p>Pour les entreprises et organisations Vous recherchez une action concr\u00e8te et facile \u00e0 mettre en oeuvre, qui int\u00e8gre les questions de durabilit\u00e9 et qui permette de favoriser les bonnes pratiques et cr\u00e9er des interactions positives parmi vos \u00e9quipes? Participer \u00e0 RE:PAS CHALLENGE c&rsquo;est : Cr\u00e9ez une nouvelle habitude pour r\u00e9duire les contenants alimentaires \u00e0 usage [&hellip;]<\/p>\n","protected":false},"author":1,"featured_media":0,"parent":0,"menu_order":0,"comment_status":"closed","ping_status":"closed","template":"elementor_header_footer","meta":{"_monsterinsights_skip_tracking":false,"_monsterinsights_sitenote_active":false,"_monsterinsights_sitenote_note":"","_monsterinsights_sitenote_category":0,"footnotes":""},"class_list":["post-1420","page","type-page","status-publish","hentry"],"_links":{"self":[{"href":"https:\/\/www.repaschallenge.ch\/en\/wp-json\/wp\/v2\/pages\/1420","targetHints":{"allow":["GET"]}}],"collection":[{"href":"https:\/\/www.repaschallenge.ch\/en\/wp-json\/wp\/v2\/pages"}],"about":[{"href":"https:\/\/www.repaschallenge.ch\/en\/wp-json\/wp\/v2\/types\/page"}],"author":[{"embeddable":true,"href":"https:\/\/www.repaschallenge.ch\/en\/wp-json\/wp\/v2\/users\/1"}],"replies":[{"embeddable":true,"href":"https:\/\/www.repaschallenge.ch\/en\/wp-json\/wp\/v2\/comments?post=1420"}],"version-history":[{"count":107,"href":"https:\/\/www.repaschallenge.ch\/en\/wp-json\/wp\/v2\/pages\/1420\/revisions"}],"predecessor-version":[{"id":2208,"href":"https:\/\/www.repaschallenge.ch\/en\/wp-json\/wp\/v2\/pages\/1420\/revisions\/2208"}],"wp:attachment":[{"href":"https:\/\/www.repaschallenge.ch\/en\/wp-json\/wp\/v2\/media?parent=1420"}],"curies":[{"name":"wp","href":"https:\/\/api.w.org\/{rel}","templated":true}]}}