{"id":2,"date":"2023-07-13T17:05:51","date_gmt":"2023-07-13T15:05:51","guid":{"rendered":"https:\/\/www.repaschallenge.ch\/?page_id=2"},"modified":"2025-08-27T11:21:52","modified_gmt":"2025-08-27T09:21:52","slug":"accueil","status":"publish","type":"page","link":"https:\/\/www.repaschallenge.ch\/de\/","title":{"rendered":"Accueil"},"content":{"rendered":"<div data-elementor-type=\"wp-page\" data-elementor-id=\"2\" class=\"elementor elementor-2\" data-elementor-post-type=\"page\">\n\t\t\t\t\t\t<section class=\"elementor-section elementor-top-section elementor-element elementor-element-ce0510b elementor-section-height-full elementor-section-full_width elementor-section-content-middle elementor-hidden-tablet elementor-hidden-mobile elementor-section-height-default elementor-section-items-middle\" data-id=\"ce0510b\" data-element_type=\"section\" data-e-type=\"section\">\n\t\t\t\t\t\t<div class=\"elementor-container elementor-column-gap-default\">\n\t\t\t\t\t<div class=\"elementor-column elementor-col-50 elementor-top-column elementor-element elementor-element-e5e0b4a\" data-id=\"e5e0b4a\" data-element_type=\"column\" data-e-type=\"column\">\n\t\t\t<div class=\"elementor-widget-wrap elementor-element-populated\">\n\t\t\t\t\t\t<div class=\"elementor-element elementor-element-eaa11fb elementor-widget elementor-widget-image\" data-id=\"eaa11fb\" data-element_type=\"widget\" data-e-type=\"widget\" data-widget_type=\"image.default\">\n\t\t\t\t<div class=\"elementor-widget-container\">\n\t\t\t\t\t\t\t\t\t\t\t\t\t\t\t<img fetchpriority=\"high\" decoding=\"async\" width=\"2560\" height=\"701\" src=\"https:\/\/www.repaschallenge.ch\/wp-content\/uploads\/2025\/07\/desktop-de-2025--scaled.png\" class=\"attachment-full size-full wp-image-2109\" alt=\"\" srcset=\"https:\/\/www.repaschallenge.ch\/wp-content\/uploads\/2025\/07\/desktop-de-2025--scaled.png 2560w, https:\/\/www.repaschallenge.ch\/wp-content\/uploads\/2025\/07\/desktop-de-2025--300x82.png 300w, https:\/\/www.repaschallenge.ch\/wp-content\/uploads\/2025\/07\/desktop-de-2025--1024x280.png 1024w, https:\/\/www.repaschallenge.ch\/wp-content\/uploads\/2025\/07\/desktop-de-2025--768x210.png 768w, https:\/\/www.repaschallenge.ch\/wp-content\/uploads\/2025\/07\/desktop-de-2025--1536x420.png 1536w, https:\/\/www.repaschallenge.ch\/wp-content\/uploads\/2025\/07\/desktop-de-2025--2048x561.png 2048w, https:\/\/www.repaschallenge.ch\/wp-content\/uploads\/2025\/07\/desktop-de-2025--18x5.png 18w\" sizes=\"(max-width: 2560px) 100vw, 2560px\" \/>\t\t\t\t\t\t\t\t\t\t\t\t\t\t\t<\/div>\n\t\t\t\t<\/div>\n\t\t\t\t<div class=\"elementor-element elementor-element-4770db6 elementor-widget__width-initial elementor-widget elementor-widget-text-editor\" data-id=\"4770db6\" data-element_type=\"widget\" data-e-type=\"widget\" data-widget_type=\"text-editor.default\">\n\t\t\t\t<div class=\"elementor-widget-container\">\n\t\t\t\t\t\t\t\t\t<p><strong>F\u00fcr lokale, ausgewogene und abfallfreie Ern\u00e4hrung!<\/strong><\/p><p>Der RE:PAS CHALLENGE ist weit mehr als nur eine Kampagne! Es ist eine Einladung, unsere t\u00e4glichen Gewohnheiten in konkrete Umweltaktionen umzuwandeln.<\/p><p><strong>Eine 100% kostenlose Challenge, offen f\u00fcr alle!<\/strong><\/p><p>Indem die Nutzung von wiederverwendbaren Beh\u00e4ltern und Bechern f\u00fcr Take-away-Mahlzeiten und Getr\u00e4nke gef\u00f6rdert wird, unterst\u00fctzt diese Initiative nicht nur die Abfallreduzierung, sondern auch die Schaffung einer nachhaltigen Kreislaufwirtschaft im Alltag. Einfach, lustig und \u00fcberraschend fordert der RE:PAS CHALLENGE Unternehmen, Verb\u00e4nde, Organisationen, St\u00e4dte und Gemeinden auf, sich der Bewegung anzuschlie\u00dfen! Je mehr mitmachen, desto gr\u00f6\u00dfer ist die Wirkung unserer kleinen Handlung. <strong>\u00dcber <a href=\"https:\/\/www.repaschallenge.ch\/de\/gains\/\">100 Preise und Geschenke zu gewinnen<\/a> !<\/strong><\/p>\t\t\t\t\t\t\t\t<\/div>\n\t\t\t\t<\/div>\n\t\t\t\t<div class=\"elementor-element elementor-element-d1411df elementor-widget__width-auto elementor-widget elementor-widget-button\" data-id=\"d1411df\" data-element_type=\"widget\" data-e-type=\"widget\" data-widget_type=\"button.default\">\n\t\t\t\t<div class=\"elementor-widget-container\">\n\t\t\t\t\t\t\t\t\t<div class=\"elementor-button-wrapper\">\n\t\t\t\t\t<a class=\"elementor-button elementor-button-link elementor-size-sm\" href=\"https:\/\/www.repaschallenge.app\" target=\"_blank\">\n\t\t\t\t\t\t<span class=\"elementor-button-content-wrapper\">\n\t\t\t\t\t\t<span class=\"elementor-button-icon\">\n\t\t\t\t<i aria-hidden=\"true\" class=\"far fa-edit\"><\/i>\t\t\t<\/span>\n\t\t\t\t\t\t\t\t\t<span class=\"elementor-button-text\">Anmelden<\/span>\n\t\t\t\t\t<\/span>\n\t\t\t\t\t<\/a>\n\t\t\t\t<\/div>\n\t\t\t\t\t\t\t\t<\/div>\n\t\t\t\t<\/div>\n\t\t\t\t\t<\/div>\n\t\t<\/div>\n\t\t\t\t<div class=\"elementor-column elementor-col-50 elementor-top-column elementor-element elementor-element-138602d\" data-id=\"138602d\" data-element_type=\"column\" data-e-type=\"column\">\n\t\t\t<div class=\"elementor-widget-wrap elementor-element-populated\">\n\t\t\t\t\t\t<div class=\"elementor-element elementor-element-b6caa7d elementor-widget elementor-widget-image\" data-id=\"b6caa7d\" data-element_type=\"widget\" data-e-type=\"widget\" data-widget_type=\"image.default\">\n\t\t\t\t<div class=\"elementor-widget-container\">\n\t\t\t\t\t\t\t\t\t\t\t\t\t\t\t<img decoding=\"async\" width=\"774\" height=\"1024\" src=\"https:\/\/www.repaschallenge.ch\/wp-content\/uploads\/2023\/07\/Fichier-10-774x1024.png\" class=\"attachment-large size-large wp-image-132\" alt=\"\" srcset=\"https:\/\/www.repaschallenge.ch\/wp-content\/uploads\/2023\/07\/Fichier-10-774x1024.png 774w, https:\/\/www.repaschallenge.ch\/wp-content\/uploads\/2023\/07\/Fichier-10-227x300.png 227w, https:\/\/www.repaschallenge.ch\/wp-content\/uploads\/2023\/07\/Fichier-10-768x1016.png 768w, https:\/\/www.repaschallenge.ch\/wp-content\/uploads\/2023\/07\/Fichier-10-1161x1536.png 1161w, https:\/\/www.repaschallenge.ch\/wp-content\/uploads\/2023\/07\/Fichier-10-1548x2048.png 1548w\" sizes=\"(max-width: 774px) 100vw, 774px\" \/>\t\t\t\t\t\t\t\t\t\t\t\t\t\t\t<\/div>\n\t\t\t\t<\/div>\n\t\t\t\t\t<\/div>\n\t\t<\/div>\n\t\t\t\t\t<\/div>\n\t\t<\/section>\n\t\t\t\t<section class=\"elementor-section elementor-top-section elementor-element elementor-element-7db3203 elementor-section-full_width elementor-section-content-middle elementor-hidden-desktop elementor-section-height-default elementor-section-height-default\" data-id=\"7db3203\" data-element_type=\"section\" data-e-type=\"section\">\n\t\t\t\t\t\t<div class=\"elementor-container elementor-column-gap-default\">\n\t\t\t\t\t<div class=\"elementor-column elementor-col-33 elementor-top-column elementor-element elementor-element-8ac9d1e\" data-id=\"8ac9d1e\" data-element_type=\"column\" data-e-type=\"column\">\n\t\t\t<div class=\"elementor-widget-wrap elementor-element-populated\">\n\t\t\t\t\t\t<div class=\"elementor-element elementor-element-8c7950f elementor-hidden-mobile elementor-widget elementor-widget-image\" data-id=\"8c7950f\" data-element_type=\"widget\" data-e-type=\"widget\" data-widget_type=\"image.default\">\n\t\t\t\t<div class=\"elementor-widget-container\">\n\t\t\t\t\t\t\t\t\t\t\t\t\t\t\t<img decoding=\"async\" width=\"9006\" height=\"2465\" src=\"https:\/\/www.repaschallenge.ch\/wp-content\/uploads\/2024\/04\/desktop-de.png\" class=\"attachment-full size-full wp-image-1556\" alt=\"\" srcset=\"https:\/\/www.repaschallenge.ch\/wp-content\/uploads\/2024\/04\/desktop-de.png 8770w, https:\/\/www.repaschallenge.ch\/wp-content\/uploads\/2024\/04\/desktop-de-300x82.png 300w, https:\/\/www.repaschallenge.ch\/wp-content\/uploads\/2024\/04\/desktop-de-1024x281.png 1024w, https:\/\/www.repaschallenge.ch\/wp-content\/uploads\/2024\/04\/desktop-de-768x210.png 768w, https:\/\/www.repaschallenge.ch\/wp-content\/uploads\/2024\/04\/desktop-de-1536x421.png 1536w, https:\/\/www.repaschallenge.ch\/wp-content\/uploads\/2024\/04\/desktop-de-2048x561.png 2048w, https:\/\/www.repaschallenge.ch\/wp-content\/uploads\/2024\/04\/desktop-de-18x5.png 18w\" sizes=\"(max-width: 9006px) 100vw, 9006px\" \/>\t\t\t\t\t\t\t\t\t\t\t\t\t\t\t<\/div>\n\t\t\t\t<\/div>\n\t\t\t\t<div class=\"elementor-element elementor-element-2c0720c elementor-hidden-desktop elementor-hidden-tablet elementor-widget elementor-widget-image\" data-id=\"2c0720c\" data-element_type=\"widget\" data-e-type=\"widget\" data-widget_type=\"image.default\">\n\t\t\t\t<div class=\"elementor-widget-container\">\n\t\t\t\t\t\t\t\t\t\t\t\t\t\t\t<img loading=\"lazy\" decoding=\"async\" width=\"2560\" height=\"1098\" src=\"https:\/\/www.repaschallenge.ch\/wp-content\/uploads\/2025\/07\/mobile-de-2025-scaled.png\" class=\"attachment-full size-full wp-image-2110\" alt=\"\" srcset=\"https:\/\/www.repaschallenge.ch\/wp-content\/uploads\/2025\/07\/mobile-de-2025-scaled.png 2560w, https:\/\/www.repaschallenge.ch\/wp-content\/uploads\/2025\/07\/mobile-de-2025-300x123.png 300w, https:\/\/www.repaschallenge.ch\/wp-content\/uploads\/2025\/07\/mobile-de-2025-1024x421.png 1024w, https:\/\/www.repaschallenge.ch\/wp-content\/uploads\/2025\/07\/mobile-de-2025-768x316.png 768w, https:\/\/www.repaschallenge.ch\/wp-content\/uploads\/2025\/07\/mobile-de-2025-1536x631.png 1536w, https:\/\/www.repaschallenge.ch\/wp-content\/uploads\/2025\/07\/mobile-de-2025-2048x842.png 2048w, https:\/\/www.repaschallenge.ch\/wp-content\/uploads\/2025\/07\/mobile-de-2025-18x7.png 18w\" sizes=\"(max-width: 2560px) 100vw, 2560px\" \/>\t\t\t\t\t\t\t\t\t\t\t\t\t\t\t<\/div>\n\t\t\t\t<\/div>\n\t\t\t\t\t<\/div>\n\t\t<\/div>\n\t\t\t\t<div class=\"elementor-column elementor-col-33 elementor-top-column elementor-element elementor-element-25dadc4\" data-id=\"25dadc4\" data-element_type=\"column\" data-e-type=\"column\">\n\t\t\t<div class=\"elementor-widget-wrap elementor-element-populated\">\n\t\t\t\t\t\t<div class=\"elementor-element elementor-element-19091d6 elementor-hidden-mobile elementor-widget elementor-widget-image\" data-id=\"19091d6\" data-element_type=\"widget\" data-e-type=\"widget\" data-widget_type=\"image.default\">\n\t\t\t\t<div class=\"elementor-widget-container\">\n\t\t\t\t\t\t\t\t\t\t\t\t\t\t\t<img loading=\"lazy\" decoding=\"async\" width=\"3024\" height=\"4001\" src=\"https:\/\/www.repaschallenge.ch\/wp-content\/uploads\/2023\/07\/Fichier-10.png\" class=\"attachment-full size-full wp-image-132\" alt=\"\" srcset=\"https:\/\/www.repaschallenge.ch\/wp-content\/uploads\/2023\/07\/Fichier-10.png 3024w, https:\/\/www.repaschallenge.ch\/wp-content\/uploads\/2023\/07\/Fichier-10-227x300.png 227w, https:\/\/www.repaschallenge.ch\/wp-content\/uploads\/2023\/07\/Fichier-10-774x1024.png 774w, https:\/\/www.repaschallenge.ch\/wp-content\/uploads\/2023\/07\/Fichier-10-768x1016.png 768w, https:\/\/www.repaschallenge.ch\/wp-content\/uploads\/2023\/07\/Fichier-10-1161x1536.png 1161w, https:\/\/www.repaschallenge.ch\/wp-content\/uploads\/2023\/07\/Fichier-10-1548x2048.png 1548w\" sizes=\"(max-width: 3024px) 100vw, 3024px\" \/>\t\t\t\t\t\t\t\t\t\t\t\t\t\t\t<\/div>\n\t\t\t\t<\/div>\n\t\t\t\t<div class=\"elementor-element elementor-element-88f5861 elementor-hidden-desktop elementor-hidden-tablet elementor-widget elementor-widget-image\" data-id=\"88f5861\" data-element_type=\"widget\" data-e-type=\"widget\" data-widget_type=\"image.default\">\n\t\t\t\t<div class=\"elementor-widget-container\">\n\t\t\t\t\t\t\t\t\t\t\t\t\t\t\t<img loading=\"lazy\" decoding=\"async\" width=\"2887\" height=\"4002\" src=\"https:\/\/www.repaschallenge.ch\/wp-content\/uploads\/2023\/07\/Fichier-14.png\" class=\"attachment-full size-full wp-image-314\" alt=\"\" srcset=\"https:\/\/www.repaschallenge.ch\/wp-content\/uploads\/2023\/07\/Fichier-14.png 2887w, https:\/\/www.repaschallenge.ch\/wp-content\/uploads\/2023\/07\/Fichier-14-216x300.png 216w, https:\/\/www.repaschallenge.ch\/wp-content\/uploads\/2023\/07\/Fichier-14-739x1024.png 739w, https:\/\/www.repaschallenge.ch\/wp-content\/uploads\/2023\/07\/Fichier-14-768x1065.png 768w, https:\/\/www.repaschallenge.ch\/wp-content\/uploads\/2023\/07\/Fichier-14-1108x1536.png 1108w, https:\/\/www.repaschallenge.ch\/wp-content\/uploads\/2023\/07\/Fichier-14-1477x2048.png 1477w\" sizes=\"(max-width: 2887px) 100vw, 2887px\" \/>\t\t\t\t\t\t\t\t\t\t\t\t\t\t\t<\/div>\n\t\t\t\t<\/div>\n\t\t\t\t\t<\/div>\n\t\t<\/div>\n\t\t\t\t<div class=\"elementor-column elementor-col-33 elementor-top-column elementor-element elementor-element-e966cc1\" data-id=\"e966cc1\" data-element_type=\"column\" data-e-type=\"column\">\n\t\t\t<div class=\"elementor-widget-wrap elementor-element-populated\">\n\t\t\t\t\t\t<div class=\"elementor-element elementor-element-0530953 elementor-widget__width-initial elementor-widget elementor-widget-text-editor\" data-id=\"0530953\" data-element_type=\"widget\" data-e-type=\"widget\" data-widget_type=\"text-editor.default\">\n\t\t\t\t<div class=\"elementor-widget-container\">\n\t\t\t\t\t\t\t\t\t<p>RE:PAS CHALLENGE ist viel mehr als eine einfache Aktion! Es ist eine Einladung, unsere t\u00e4glichen Gewohnheiten in konkrete Aktionen f\u00fcr die Umwelt umzuwandeln. Durch die F\u00f6rderung der Verwendung von wiederverwendbaren Beh\u00e4ltern f\u00fcr Mahlzeiten zum Mitnehmen f\u00f6rdert diese Initiative nicht nur die Abfallreduzierung, sondern auch die Schaffung einer nachhaltigen Kreislaufwirtschaft. Mit einem einfachen, witzigen und zugleich \u00fcberraschenden Ansatz fordert RE:PAS CHALLENGE Unternehmen, Verb\u00e4nde, Organisationen, St\u00e4dte und Gemeinden heraus, sich der Bewegung anzuschlie\u00dfen! Nehmen Sie die Herausforderung mit uns an, denn je mehr wir sind, desto gr\u00f6\u00dfer kann die Wirkung einer kleinen Geste werden!\u00a0<\/p>\t\t\t\t\t\t\t\t<\/div>\n\t\t\t\t<\/div>\n\t\t\t\t<div class=\"elementor-element elementor-element-c531a51 elementor-mobile-align-center elementor-widget__width-auto elementor-widget elementor-widget-button\" data-id=\"c531a51\" data-element_type=\"widget\" data-e-type=\"widget\" data-widget_type=\"button.default\">\n\t\t\t\t<div class=\"elementor-widget-container\">\n\t\t\t\t\t\t\t\t\t<div class=\"elementor-button-wrapper\">\n\t\t\t\t\t<a class=\"elementor-button elementor-button-link elementor-size-sm\" href=\"https:\/\/repaschallenge.app\/\" target=\"_blank\">\n\t\t\t\t\t\t<span class=\"elementor-button-content-wrapper\">\n\t\t\t\t\t\t<span class=\"elementor-button-icon\">\n\t\t\t\t<i aria-hidden=\"true\" class=\"far fa-edit\"><\/i>\t\t\t<\/span>\n\t\t\t\t\t\t\t\t\t<span class=\"elementor-button-text\">Anmelden<\/span>\n\t\t\t\t\t<\/span>\n\t\t\t\t\t<\/a>\n\t\t\t\t<\/div>\n\t\t\t\t\t\t\t\t<\/div>\n\t\t\t\t<\/div>\n\t\t\t\t\t<\/div>\n\t\t<\/div>\n\t\t\t\t\t<\/div>\n\t\t<\/section>\n\t\t<div class=\"elementor-element elementor-element-3f01f3b e-con-full e-flex e-con e-parent\" data-id=\"3f01f3b\" data-element_type=\"container\" data-e-type=\"container\" data-settings=\"{&quot;background_background&quot;:&quot;classic&quot;}\">\n\t\t\t\t<div class=\"elementor-element elementor-element-cfa0b4e elementor-widget__width-initial elementor-widget elementor-widget-heading\" data-id=\"cfa0b4e\" data-element_type=\"widget\" data-e-type=\"widget\" data-widget_type=\"heading.default\">\n\t\t\t\t<div class=\"elementor-widget-container\">\n\t\t\t\t\t<h2 class=\"elementor-heading-title elementor-size-default\">Scannen Sie diesen QR-Code, um direkt auf die App zuzugreifen!<\/h2>\t\t\t\t<\/div>\n\t\t\t\t<\/div>\n\t\t\t\t<div class=\"elementor-element elementor-element-e941f2f elementor-widget elementor-widget-image\" data-id=\"e941f2f\" data-element_type=\"widget\" data-e-type=\"widget\" data-widget_type=\"image.default\">\n\t\t\t\t<div class=\"elementor-widget-container\">\n\t\t\t\t\t\t\t\t\t\t\t\t\t\t\t<img loading=\"lazy\" decoding=\"async\" width=\"300\" height=\"300\" src=\"https:\/\/www.repaschallenge.ch\/wp-content\/uploads\/2024\/10\/Design-sans-titre-10-300x300.png\" class=\"attachment-medium size-medium wp-image-2077\" alt=\"\" srcset=\"https:\/\/www.repaschallenge.ch\/wp-content\/uploads\/2024\/10\/Design-sans-titre-10-300x300.png 300w, https:\/\/www.repaschallenge.ch\/wp-content\/uploads\/2024\/10\/Design-sans-titre-10-1024x1024.png 1024w, https:\/\/www.repaschallenge.ch\/wp-content\/uploads\/2024\/10\/Design-sans-titre-10-150x150.png 150w, https:\/\/www.repaschallenge.ch\/wp-content\/uploads\/2024\/10\/Design-sans-titre-10-768x768.png 768w, https:\/\/www.repaschallenge.ch\/wp-content\/uploads\/2024\/10\/Design-sans-titre-10-12x12.png 12w, https:\/\/www.repaschallenge.ch\/wp-content\/uploads\/2024\/10\/Design-sans-titre-10.png 1080w\" sizes=\"(max-width: 300px) 100vw, 300px\" \/>\t\t\t\t\t\t\t\t\t\t\t\t\t\t\t<\/div>\n\t\t\t\t<\/div>\n\t\t\t\t<\/div>\n\t\t<div class=\"elementor-element elementor-element-9305286 e-flex e-con-boxed e-con e-parent\" data-id=\"9305286\" data-element_type=\"container\" data-e-type=\"container\">\n\t\t\t\t\t<div class=\"e-con-inner\">\n\t\t\t\t\t<\/div>\n\t\t\t\t<\/div>\n\t\t\t\t<\/div>","protected":false},"excerpt":{"rendered":"<p>Pour une alimentation locale, \u00e9quilibr\u00e9e et sans d\u00e9chet ! RE:PAS CHALLENGE c&rsquo;est bien plus qu&rsquo;une simple campagne ! C&rsquo;est une invitation \u00e0 transformer nos habitudes quotidiennes en actions concr\u00e8tes pour l&rsquo;environnement. Un d\u00e9fi 100% gratuit et ouvert \u00e0 toutes et tous ! En encourageant l&rsquo;utilisation de contenants et gobelets r\u00e9utilisables pour les repas et boissons [&hellip;]<\/p>\n","protected":false},"author":1,"featured_media":0,"parent":0,"menu_order":0,"comment_status":"closed","ping_status":"closed","template":"elementor_header_footer","meta":{"_monsterinsights_skip_tracking":false,"_monsterinsights_sitenote_active":false,"_monsterinsights_sitenote_note":"","_monsterinsights_sitenote_category":0,"footnotes":""},"class_list":["post-2","page","type-page","status-publish","hentry"],"_links":{"self":[{"href":"https:\/\/www.repaschallenge.ch\/de\/wp-json\/wp\/v2\/pages\/2","targetHints":{"allow":["GET"]}}],"collection":[{"href":"https:\/\/www.repaschallenge.ch\/de\/wp-json\/wp\/v2\/pages"}],"about":[{"href":"https:\/\/www.repaschallenge.ch\/de\/wp-json\/wp\/v2\/types\/page"}],"author":[{"embeddable":true,"href":"https:\/\/www.repaschallenge.ch\/de\/wp-json\/wp\/v2\/users\/1"}],"replies":[{"embeddable":true,"href":"https:\/\/www.repaschallenge.ch\/de\/wp-json\/wp\/v2\/comments?post=2"}],"version-history":[{"count":628,"href":"https:\/\/www.repaschallenge.ch\/de\/wp-json\/wp\/v2\/pages\/2\/revisions"}],"predecessor-version":[{"id":2205,"href":"https:\/\/www.repaschallenge.ch\/de\/wp-json\/wp\/v2\/pages\/2\/revisions\/2205"}],"wp:attachment":[{"href":"https:\/\/www.repaschallenge.ch\/de\/wp-json\/wp\/v2\/media?parent=2"}],"curies":[{"name":"wp","href":"https:\/\/api.w.org\/{rel}","templated":true}]}}