{"id":1436,"date":"2024-04-23T15:15:52","date_gmt":"2024-04-23T13:15:52","guid":{"rendered":"https:\/\/www.repaschallenge.ch\/?page_id=1436"},"modified":"2025-07-09T14:53:59","modified_gmt":"2025-07-09T12:53:59","slug":"resultats-2023","status":"publish","type":"page","link":"https:\/\/www.repaschallenge.ch\/de\/resultats-2023\/","title":{"rendered":"Ergebnisse 2023"},"content":{"rendered":"<div data-elementor-type=\"wp-page\" data-elementor-id=\"1436\" class=\"elementor elementor-1436\" data-elementor-post-type=\"page\">\n\t\t\t\t\t\t<section class=\"elementor-section elementor-top-section elementor-element elementor-element-5215989 elementor-section-full_width elementor-section-height-min-height results elementor-section-height-default elementor-section-items-middle\" data-id=\"5215989\" data-element_type=\"section\" data-e-type=\"section\" id=\"results\" data-settings=\"{&quot;background_background&quot;:&quot;classic&quot;}\">\n\t\t\t\t\t\t<div class=\"elementor-container elementor-column-gap-default\">\n\t\t\t\t\t<div class=\"elementor-column elementor-col-100 elementor-top-column elementor-element elementor-element-0ee85d8\" data-id=\"0ee85d8\" data-element_type=\"column\" data-e-type=\"column\">\n\t\t\t<div class=\"elementor-widget-wrap elementor-element-populated\">\n\t\t\t\t\t\t<div class=\"elementor-element elementor-element-f0a5989 elementor-widget elementor-widget-heading\" data-id=\"f0a5989\" data-element_type=\"widget\" data-e-type=\"widget\" data-widget_type=\"heading.default\">\n\t\t\t\t<div class=\"elementor-widget-container\">\n\t\t\t\t\t<h2 class=\"elementor-heading-title elementor-size-default\">Ergebnisse der Ausgabe 2024<\/h2>\t\t\t\t<\/div>\n\t\t\t\t<\/div>\n\t\t\t\t<div class=\"elementor-element elementor-element-bf8c391 elementor-widget elementor-widget-text-editor\" data-id=\"bf8c391\" data-element_type=\"widget\" data-e-type=\"widget\" data-widget_type=\"text-editor.default\">\n\t\t\t\t<div class=\"elementor-widget-container\">\n\t\t\t\t\t\t\t\t\t<p>Dank der Initiative des Kantons Genf und der Stadt Lausanne, in Partnerschaft mit ZeroWaste Switzerland und reCircle, zeigte der RE:PAS CHALLENGE 2024 ein echtes Interesse an wiederverwendbaren Geschirr-L\u00f6sungen f\u00fcr Take-away-Mahlzeiten und Getr\u00e4nke.<\/p><p>Anl\u00e4sslich dieser neuen Ausgabe des RE:PAS CHALLENGE, in nur 12 Aktionstagen<strong>nahmen 70 Organisationen und 510 Teilnehmende teil <\/strong>erzielten Rekordergebnisse:<\/p><ul><li>647 kg CO2e eingespart<\/li><li>144 kg Abfall vermieden<\/li><li>Fast 10.000 Einwegbeh\u00e4lter eingespart<\/li><\/ul><div>\u00a0<\/div><p>Auf Jahresbasis sind die Ergebnisse noch beeindruckender:<\/p><ul><li><p>16.508 kg CO2e eingespart, was etwa 80.000 km mit einem Benzinauto entspricht\u00a0<\/p><\/li><li><p>3.693 kg Abfall, was etwa 7.270 M\u00fclls\u00e4cken \u00e0 35 Litern entspricht.<\/p><\/li><\/ul><p>Wir freuen uns darauf, dass immer mehr Menschen auf den Zug der Wiederverwendung aufspringen. Deshalb freuen wir uns, den 3. RE:PAS CHALLENGE zu veranstalten.\u00a0<strong>du 22 au 28 septembre 2025\u00a0<\/strong>Werden wir diesen Rekord brechen?<\/p>\t\t\t\t\t\t\t\t<\/div>\n\t\t\t\t<\/div>\n\t\t\t\t\t<\/div>\n\t\t<\/div>\n\t\t\t\t\t<\/div>\n\t\t<\/section>\n\t\t\t\t<\/div>","protected":false},"excerpt":{"rendered":"<p>R\u00e9sultats de l&rsquo;\u00e9dition 2024 Gr\u00e2ce \u00e0 l\u2019initiative du Canton de Gen\u00e8ve et de la Ville de Lausanne, en partenariat avec Zerowaste Switzerland et reCircle, le RE:PAS CHALLENGE 2024 a d\u00e9montr\u00e9 un r\u00e9el engouement pour les solutions de vaisselle r\u00e9utilisables, pour les repas et boissons \u00e0 emporter. \u00c0 l&rsquo;occasion de cette nouvelle \u00e9dition du RE:PAS CHALLENGE, [&hellip;]<\/p>\n","protected":false},"author":1,"featured_media":0,"parent":0,"menu_order":0,"comment_status":"closed","ping_status":"closed","template":"elementor_header_footer","meta":{"_monsterinsights_skip_tracking":false,"_monsterinsights_sitenote_active":false,"_monsterinsights_sitenote_note":"","_monsterinsights_sitenote_category":0,"footnotes":""},"class_list":["post-1436","page","type-page","status-publish","hentry"],"_links":{"self":[{"href":"https:\/\/www.repaschallenge.ch\/de\/wp-json\/wp\/v2\/pages\/1436","targetHints":{"allow":["GET"]}}],"collection":[{"href":"https:\/\/www.repaschallenge.ch\/de\/wp-json\/wp\/v2\/pages"}],"about":[{"href":"https:\/\/www.repaschallenge.ch\/de\/wp-json\/wp\/v2\/types\/page"}],"author":[{"embeddable":true,"href":"https:\/\/www.repaschallenge.ch\/de\/wp-json\/wp\/v2\/users\/1"}],"replies":[{"embeddable":true,"href":"https:\/\/www.repaschallenge.ch\/de\/wp-json\/wp\/v2\/comments?post=1436"}],"version-history":[{"count":79,"href":"https:\/\/www.repaschallenge.ch\/de\/wp-json\/wp\/v2\/pages\/1436\/revisions"}],"predecessor-version":[{"id":2124,"href":"https:\/\/www.repaschallenge.ch\/de\/wp-json\/wp\/v2\/pages\/1436\/revisions\/2124"}],"wp:attachment":[{"href":"https:\/\/www.repaschallenge.ch\/de\/wp-json\/wp\/v2\/media?parent=1436"}],"curies":[{"name":"wp","href":"https:\/\/api.w.org\/{rel}","templated":true}]}}